{"id":55,"date":"2018-06-12T12:00:47","date_gmt":"2018-06-12T12:00:47","guid":{"rendered":"https:\/\/homepage.heizung-schmid.de\/?page_id=55"},"modified":"2026-03-12T07:36:10","modified_gmt":"2026-03-12T07:36:10","slug":"sanitaer","status":"publish","type":"page","link":"https:\/\/heizung-schmid.de\/leistungen\/sanitaer\/","title":{"rendered":"Sanit\u00e4r"},"content":{"rendered":"\t\t<div data-elementor-type=\"wp-page\" data-elementor-id=\"55\" class=\"elementor elementor-55\">\n\t\t\t\t\t\t<section class=\"elementor-section elementor-top-section elementor-element elementor-element-9088480 elementor-section-boxed elementor-section-height-default elementor-section-height-default\" data-id=\"9088480\" data-element_type=\"section\" data-e-type=\"section\">\n\t\t\t\t\t\t<div class=\"elementor-container elementor-column-gap-default\">\n\t\t\t\t\t<div class=\"elementor-column elementor-col-100 elementor-top-column elementor-element elementor-element-e6d76d2\" data-id=\"e6d76d2\" data-element_type=\"column\" data-e-type=\"column\">\n\t\t\t<div class=\"elementor-widget-wrap elementor-element-populated\">\n\t\t\t\t\t\t<div class=\"elementor-element elementor-element-21a66d1 elementor-widget elementor-widget-heading\" data-id=\"21a66d1\" data-element_type=\"widget\" data-e-type=\"widget\" data-widget_type=\"heading.default\">\n\t\t\t\t<div class=\"elementor-widget-container\">\n\t\t\t\t\t<h2 class=\"elementor-heading-title elementor-size-default\">Sanit\u00e4r<\/h2>\t\t\t\t<\/div>\n\t\t\t\t<\/div>\n\t\t\t\t\t<\/div>\n\t\t<\/div>\n\t\t\t\t\t<\/div>\n\t\t<\/section>\n\t\t\t\t<section class=\"elementor-section elementor-top-section elementor-element elementor-element-2091e9f elementor-section-boxed elementor-section-height-default elementor-section-height-default\" data-id=\"2091e9f\" data-element_type=\"section\" data-e-type=\"section\">\n\t\t\t\t\t\t<div class=\"elementor-container elementor-column-gap-default\">\n\t\t\t\t\t<div class=\"elementor-column elementor-col-100 elementor-top-column elementor-element elementor-element-5795150\" data-id=\"5795150\" data-element_type=\"column\" data-e-type=\"column\">\n\t\t\t<div class=\"elementor-widget-wrap elementor-element-populated\">\n\t\t\t\t\t\t<div class=\"elementor-element elementor-element-4f97b59 elementor-widget elementor-widget-text-editor\" data-id=\"4f97b59\" data-element_type=\"widget\" data-e-type=\"widget\" data-widget_type=\"text-editor.default\">\n\t\t\t\t<div class=\"elementor-widget-container\">\n\t\t\t\t\t\t\t\t\t<p><strong>Eines ist gewiss:<\/strong> \u00dcber ein neues Bad wollen wir uns sehr lange freuen. Die strahlend gl\u00e4nzende Oberfl\u00e4che des Waschbeckens, der bequeme Liegekomfort in der Badewanne &#8211; wir vertrauen auf die Best\u00e4ndigkeit dieses Genusses.<\/p>\t\t\t\t\t\t\t\t<\/div>\n\t\t\t\t<\/div>\n\t\t\t\t\t<\/div>\n\t\t<\/div>\n\t\t\t\t\t<\/div>\n\t\t<\/section>\n\t\t\t\t<section class=\"elementor-section elementor-top-section elementor-element elementor-element-228c80b elementor-section-boxed elementor-section-height-default elementor-section-height-default\" data-id=\"228c80b\" data-element_type=\"section\" data-e-type=\"section\">\n\t\t\t\t\t\t<div class=\"elementor-container elementor-column-gap-default\">\n\t\t\t\t\t<div class=\"elementor-column elementor-col-100 elementor-top-column elementor-element elementor-element-fa0c617\" data-id=\"fa0c617\" data-element_type=\"column\" data-e-type=\"column\">\n\t\t\t<div class=\"elementor-widget-wrap elementor-element-populated\">\n\t\t\t\t\t\t<div class=\"elementor-element elementor-element-4d0ababa elementor-widget elementor-widget-text-editor\" data-id=\"4d0ababa\" data-element_type=\"widget\" data-e-type=\"widget\" data-widget_type=\"text-editor.default\">\n\t\t\t\t<div class=\"elementor-widget-container\">\n\t\t\t\t\t\t\t\t\t<div class=\"contentElementContent\">\n<p><img fetchpriority=\"high\" decoding=\"async\" class=\"aligncenter wp-image-428 size-large\" src=\"https:\/\/heizung-schmid.de\/wp-content\/uploads\/2024\/06\/bathroom-6686057_1280-1024x682.jpg\" alt=\"\" width=\"1024\" height=\"682\" srcset=\"https:\/\/heizung-schmid.de\/wp-content\/uploads\/2024\/06\/bathroom-6686057_1280-1024x682.jpg 1024w, https:\/\/heizung-schmid.de\/wp-content\/uploads\/2024\/06\/bathroom-6686057_1280-300x200.jpg 300w, https:\/\/heizung-schmid.de\/wp-content\/uploads\/2024\/06\/bathroom-6686057_1280-768x512.jpg 768w, https:\/\/heizung-schmid.de\/wp-content\/uploads\/2024\/06\/bathroom-6686057_1280.jpg 1280w\" sizes=\"(max-width: 1024px) 100vw, 1024px\" \/><\/p>\n<p>Wenn Sie Fragen haben, Unterst\u00fctzung bei der Planung brauchen oder ganz einfach mehr wissen wollen, wenden Sie sich einfach telefonisch an unsere Mitarbeiter. Wir sind Ihr Experte f\u00fcr:<\/p>\n<ul>\n<li><strong>Duschen und Baden<\/strong><br>L\u00e4ngst wird das Bad nicht mehr als separater Raum betrachtet &#8211; sondern als Teil eines offenen, wohnlichen Ganzen. Daher bieten wir Ihnen au\u00dfergew\u00f6hnliche Qualit\u00e4t und verbauen ausschlie\u00dflich hochwertige Materialien von exklusiven Partnern. Gerne beraten wir Sie umfassend und sind Ihr kompetenter Partner bei der Planung und Installation Ihres Bades.<\/li>\n<\/ul>\n<\/div>\t\t\t\t\t\t\t\t<\/div>\n\t\t\t\t<\/div>\n\t\t\t\t\t<\/div>\n\t\t<\/div>\n\t\t\t\t\t<\/div>\n\t\t<\/section>\n\t\t\t\t<section class=\"elementor-section elementor-top-section elementor-element elementor-element-780ebbc elementor-section-boxed elementor-section-height-default elementor-section-height-default\" data-id=\"780ebbc\" data-element_type=\"section\" data-e-type=\"section\">\n\t\t\t\t\t\t<div class=\"elementor-container elementor-column-gap-default\">\n\t\t\t\t\t<div class=\"elementor-column elementor-col-100 elementor-top-column elementor-element elementor-element-8a9e037\" data-id=\"8a9e037\" data-element_type=\"column\" data-e-type=\"column\">\n\t\t\t<div class=\"elementor-widget-wrap elementor-element-populated\">\n\t\t\t\t\t\t<div class=\"elementor-element elementor-element-2fd5e8d elementor-widget elementor-widget-text-editor\" data-id=\"2fd5e8d\" data-element_type=\"widget\" data-e-type=\"widget\" data-widget_type=\"text-editor.default\">\n\t\t\t\t<div class=\"elementor-widget-container\">\n\t\t\t\t\t\t\t\t\t<ul><li><strong>Waschbecken und Toiletten<\/strong><br \/>Mit h\u00f6chster Funktionalit\u00e4t vom Waschtisch \u00fcber das M\u00f6belprogramm bis zur Armatur. Entscheiden Sie sich bei uns f\u00fcr eine Kollektion, an der die ganze Familie ihre Freude haben wird. Wie gut, dass heute moderne WC-Konzepte und clevere Gestaltungstricks eine sch\u00f6ne und komfortable Raumgestaltung erm\u00f6glichen &#8211; v\u00f6llig unabh\u00e4ngig von Gr\u00f6\u00dfe und Grundriss. Welche M\u00f6glichkeiten Sie konkret haben, k\u00f6nnen wir gerne pers\u00f6nlich besprechen.<\/li><\/ul>\t\t\t\t\t\t\t\t<\/div>\n\t\t\t\t<\/div>\n\t\t\t\t\t<\/div>\n\t\t<\/div>\n\t\t\t\t\t<\/div>\n\t\t<\/section>\n\t\t\t\t<\/div>\n\t\t","protected":false},"excerpt":{"rendered":"<p>Sanit\u00e4r Eines ist gewiss: \u00dcber ein neues Bad wollen wir uns sehr lange freuen. Die strahlend gl\u00e4nzende Oberfl\u00e4che des Waschbeckens, der bequeme Liegekomfort in der Badewanne &#8211; wir vertrauen auf die Best\u00e4ndigkeit dieses Genusses. Wenn Sie Fragen haben, Unterst\u00fctzung bei der Planung brauchen oder ganz einfach mehr wissen wollen, wenden Sie sich einfach telefonisch an [&hellip;]<\/p>\n","protected":false},"author":1,"featured_media":0,"parent":991,"menu_order":2,"comment_status":"closed","ping_status":"closed","template":"","meta":{"_uag_custom_page_level_css":"","site-sidebar-layout":"default","site-content-layout":"","ast-site-content-layout":"default","site-content-style":"default","site-sidebar-style":"default","ast-global-header-display":"","ast-banner-title-visibility":"","ast-main-header-display":"","ast-hfb-above-header-display":"","ast-hfb-below-header-display":"","ast-hfb-mobile-header-display":"","site-post-title":"","ast-breadcrumbs-content":"","ast-featured-img":"","footer-sml-layout":"","ast-disable-related-posts":"","theme-transparent-header-meta":"","adv-header-id-meta":"","stick-header-meta":"","header-above-stick-meta":"","header-main-stick-meta":"","header-below-stick-meta":"","astra-migrate-meta-layouts":"default","ast-page-background-enabled":"default","ast-page-background-meta":{"desktop":{"background-color":"var(--ast-global-color-4)","background-image":"","background-repeat":"repeat","background-position":"center center","background-size":"auto","background-attachment":"scroll","background-type":"","background-media":"","overlay-type":"","overlay-color":"","overlay-opacity":"","overlay-gradient":""},"tablet":{"background-color":"","background-image":"","background-repeat":"repeat","background-position":"center center","background-size":"auto","background-attachment":"scroll","background-type":"","background-media":"","overlay-type":"","overlay-color":"","overlay-opacity":"","overlay-gradient":""},"mobile":{"background-color":"","background-image":"","background-repeat":"repeat","background-position":"center center","background-size":"auto","background-attachment":"scroll","background-type":"","background-media":"","overlay-type":"","overlay-color":"","overlay-opacity":"","overlay-gradient":""}},"ast-content-background-meta":{"desktop":{"background-color":"var(--ast-global-color-5)","background-image":"","background-repeat":"repeat","background-position":"center center","background-size":"auto","background-attachment":"scroll","background-type":"","background-media":"","overlay-type":"","overlay-color":"","overlay-opacity":"","overlay-gradient":""},"tablet":{"background-color":"var(--ast-global-color-5)","background-image":"","background-repeat":"repeat","background-position":"center center","background-size":"auto","background-attachment":"scroll","background-type":"","background-media":"","overlay-type":"","overlay-color":"","overlay-opacity":"","overlay-gradient":""},"mobile":{"background-color":"var(--ast-global-color-5)","background-image":"","background-repeat":"repeat","background-position":"center center","background-size":"auto","background-attachment":"scroll","background-type":"","background-media":"","overlay-type":"","overlay-color":"","overlay-opacity":"","overlay-gradient":""}},"footnotes":""},"class_list":["post-55","page","type-page","status-publish","hentry"],"uagb_featured_image_src":{"full":false,"thumbnail":false,"medium":false,"medium_large":false,"large":false,"1536x1536":false,"2048x2048":false},"uagb_author_info":{"display_name":"admin","author_link":"https:\/\/heizung-schmid.de\/author\/hstschmid_n1l021rp\/"},"uagb_comment_info":0,"uagb_excerpt":"Sanit\u00e4r Eines ist gewiss: \u00dcber ein neues Bad wollen wir uns sehr lange freuen. Die strahlend gl\u00e4nzende Oberfl\u00e4che des Waschbeckens, der bequeme Liegekomfort in der Badewanne &#8211; wir vertrauen auf die Best\u00e4ndigkeit dieses Genusses. Wenn Sie Fragen haben, Unterst\u00fctzung bei der Planung brauchen oder ganz einfach mehr wissen wollen, wenden Sie sich einfach telefonisch an&hellip;","_links":{"self":[{"href":"https:\/\/heizung-schmid.de\/wp-json\/wp\/v2\/pages\/55","targetHints":{"allow":["GET"]}}],"collection":[{"href":"https:\/\/heizung-schmid.de\/wp-json\/wp\/v2\/pages"}],"about":[{"href":"https:\/\/heizung-schmid.de\/wp-json\/wp\/v2\/types\/page"}],"author":[{"embeddable":true,"href":"https:\/\/heizung-schmid.de\/wp-json\/wp\/v2\/users\/1"}],"replies":[{"embeddable":true,"href":"https:\/\/heizung-schmid.de\/wp-json\/wp\/v2\/comments?post=55"}],"version-history":[{"count":8,"href":"https:\/\/heizung-schmid.de\/wp-json\/wp\/v2\/pages\/55\/revisions"}],"predecessor-version":[{"id":432,"href":"https:\/\/heizung-schmid.de\/wp-json\/wp\/v2\/pages\/55\/revisions\/432"}],"up":[{"embeddable":true,"href":"https:\/\/heizung-schmid.de\/wp-json\/wp\/v2\/pages\/991"}],"wp:attachment":[{"href":"https:\/\/heizung-schmid.de\/wp-json\/wp\/v2\/media?parent=55"}],"curies":[{"name":"wp","href":"https:\/\/api.w.org\/{rel}","templated":true}]}}